{"id":708,"date":"2020-07-28T15:55:27","date_gmt":"2020-07-28T15:55:27","guid":{"rendered":"https:\/\/bodegastaron.com\/?post_type=product&#038;p=708"},"modified":"2025-11-25T15:06:24","modified_gmt":"2025-11-25T14:06:24","slug":"pantocrator","status":"publish","type":"product","link":"https:\/\/bodegastaron.com\/en\/producto\/pantocrator\/","title":{"rendered":"Pantocr\u00e1tor 2015"},"content":{"rendered":"<p>Tempranillo.<br \/>\n24 meses en roble americano.<br \/>\n6 a\u00f1os en botella.<br \/>\nSolo se elabora en a\u00f1adas excepcionales.<br \/>\nLa legendaria capacidad de guarda de los grandes vinos de Rioja Alta elevada a su m\u00e1xima expresi\u00f3n.<\/p>\n<a class=\"button  button_size_2\" href=\"https:\/\/bodegastaron.com\/wp-content\/uploads\/2025\/05\/ES_TARON_PANTOCRATOR-2015.pdf\"     target=\"_blank\"    title=\"\"><span class=\"button_label\">Ficha de Cata<\/span><\/a>\n\n","protected":false},"excerpt":{"rendered":"<p>&nbsp;<\/p>\n<p><img loading=\"lazy\" decoding=\"async\" class=\"aligncenter size-full wp-image-3774\" src=\"https:\/\/bodegastaron.com\/wp-content\/uploads\/2020\/07\/Medallas-Taron.jpg\" alt=\"\" width=\"736\" height=\"793\" srcset=\"https:\/\/bodegastaron.com\/wp-content\/uploads\/2020\/07\/Medallas-Taron.jpg 736w, https:\/\/bodegastaron.com\/wp-content\/uploads\/2020\/07\/Medallas-Taron-500x539.jpg 500w, https:\/\/bodegastaron.com\/wp-content\/uploads\/2020\/07\/Medallas-Taron-278x300.jpg 278w, https:\/\/bodegastaron.com\/wp-content\/uploads\/2020\/07\/Medallas-Taron-70x75.jpg 70w, https:\/\/bodegastaron.com\/wp-content\/uploads\/2020\/07\/Medallas-Taron-480x517.jpg 480w\" sizes=\"auto, (max-width:767px) 480px, 736px\" \/><\/p>\n<p>&nbsp;<\/p>\n<p>&nbsp;<\/p>\n","protected":false},"featured_media":3823,"template":"","meta":[],"product_brand":[],"product_cat":[53],"product_tag":[],"class_list":{"0":"post-708","1":"product","2":"type-product","3":"status-publish","4":"has-post-thumbnail","6":"product_cat-tintos","8":"first","9":"instock","10":"taxable","11":"shipping-taxable","12":"purchasable","13":"product-type-simple"},"yoast_head":"<!-- This site is optimized with the Yoast SEO plugin v27.4 - https:\/\/yoast.com\/product\/yoast-seo-wordpress\/ -->\n<title>Vino Pantocr\u00e1tor 2015 - Bodegas Tar\u00f3n - Rioja Alta<\/title>\n<meta name=\"description\" content=\"Es un vino con numerosas medallas y premios de Bodegas Tar\u00f3n en Rioja Alta procedente de vi\u00f1edos viejos de m\u00e1s de 50 a\u00f1os.\" \/>\n<meta name=\"robots\" content=\"index, follow, max-snippet:-1, max-image-preview:large, max-video-preview:-1\" \/>\n<link rel=\"canonical\" href=\"https:\/\/bodegastaron.com\/en\/producto\/pantocrator\/\" \/>\n<meta property=\"og:locale\" content=\"en_US\" \/>\n<meta property=\"og:type\" content=\"article\" \/>\n<meta property=\"og:title\" content=\"Vino Pantocr\u00e1tor 2015 - Bodegas Tar\u00f3n - Rioja Alta\" \/>\n<meta property=\"og:description\" content=\"Es un vino con numerosas medallas y premios de Bodegas Tar\u00f3n en Rioja Alta procedente de vi\u00f1edos viejos de m\u00e1s de 50 a\u00f1os.\" \/>\n<meta property=\"og:url\" content=\"https:\/\/bodegastaron.com\/en\/producto\/pantocrator\/\" \/>\n<meta property=\"og:site_name\" content=\"Bodegas Tar\u00f3n\" \/>\n<meta property=\"article:publisher\" content=\"https:\/\/www.facebook.com\/BodegasTaron\/\" \/>\n<meta property=\"article:modified_time\" content=\"2025-11-25T14:06:24+00:00\" \/>\n<meta property=\"og:image\" content=\"https:\/\/bodegastaron.com\/wp-content\/uploads\/2020\/07\/BOTELLA-PANTOCRATOR.jpg\" \/>\n\t<meta property=\"og:image:width\" content=\"1800\" \/>\n\t<meta property=\"og:image:height\" content=\"1859\" \/>\n\t<meta property=\"og:image:type\" content=\"image\/jpeg\" \/>\n<meta name=\"twitter:card\" content=\"summary_large_image\" \/>\n<meta name=\"twitter:site\" content=\"@BodegasTaron\" \/>\n<meta name=\"twitter:label1\" content=\"Est. reading time\" \/>\n\t<meta name=\"twitter:data1\" content=\"1 minute\" \/>\n<script type=\"application\/ld+json\" class=\"yoast-schema-graph\">{\"@context\":\"https:\\\/\\\/schema.org\",\"@graph\":[{\"@type\":\"WebPage\",\"@id\":\"https:\\\/\\\/bodegastaron.com\\\/en\\\/producto\\\/pantocrator\\\/\",\"url\":\"https:\\\/\\\/bodegastaron.com\\\/en\\\/producto\\\/pantocrator\\\/\",\"name\":\"Vino Pantocr\u00e1tor 2015 - Bodegas Tar\u00f3n - Rioja Alta\",\"isPartOf\":{\"@id\":\"https:\\\/\\\/bodegastaron.com\\\/en\\\/#website\"},\"primaryImageOfPage\":{\"@id\":\"https:\\\/\\\/bodegastaron.com\\\/en\\\/producto\\\/pantocrator\\\/#primaryimage\"},\"image\":{\"@id\":\"https:\\\/\\\/bodegastaron.com\\\/en\\\/producto\\\/pantocrator\\\/#primaryimage\"},\"thumbnailUrl\":\"https:\\\/\\\/bodegastaron.com\\\/wp-content\\\/uploads\\\/2020\\\/07\\\/BOTELLA-PANTOCRATOR.jpg\",\"datePublished\":\"2020-07-28T15:55:27+00:00\",\"dateModified\":\"2025-11-25T14:06:24+00:00\",\"description\":\"Es un vino con numerosas medallas y premios de Bodegas Tar\u00f3n en Rioja Alta procedente de vi\u00f1edos viejos de m\u00e1s de 50 a\u00f1os.\",\"breadcrumb\":{\"@id\":\"https:\\\/\\\/bodegastaron.com\\\/en\\\/producto\\\/pantocrator\\\/#breadcrumb\"},\"inLanguage\":\"en-US\",\"potentialAction\":[{\"@type\":\"ReadAction\",\"target\":[\"https:\\\/\\\/bodegastaron.com\\\/en\\\/producto\\\/pantocrator\\\/\"]}]},{\"@type\":\"ImageObject\",\"inLanguage\":\"en-US\",\"@id\":\"https:\\\/\\\/bodegastaron.com\\\/en\\\/producto\\\/pantocrator\\\/#primaryimage\",\"url\":\"https:\\\/\\\/bodegastaron.com\\\/wp-content\\\/uploads\\\/2020\\\/07\\\/BOTELLA-PANTOCRATOR.jpg\",\"contentUrl\":\"https:\\\/\\\/bodegastaron.com\\\/wp-content\\\/uploads\\\/2020\\\/07\\\/BOTELLA-PANTOCRATOR.jpg\",\"width\":1800,\"height\":1859,\"caption\":\"Botella de vino Pantocr\u00e1tor Bodegas Tar\u00f3n\"},{\"@type\":\"BreadcrumbList\",\"@id\":\"https:\\\/\\\/bodegastaron.com\\\/en\\\/producto\\\/pantocrator\\\/#breadcrumb\",\"itemListElement\":[{\"@type\":\"ListItem\",\"position\":1,\"name\":\"Portada\",\"item\":\"https:\\\/\\\/bodegastaron.com\\\/en\\\/\"},{\"@type\":\"ListItem\",\"position\":2,\"name\":\"Tienda\",\"item\":\"https:\\\/\\\/bodegastaron.com\\\/tienda\\\/\"},{\"@type\":\"ListItem\",\"position\":3,\"name\":\"Pantocr\u00e1tor 2015\"}]},{\"@type\":\"WebSite\",\"@id\":\"https:\\\/\\\/bodegastaron.com\\\/en\\\/#website\",\"url\":\"https:\\\/\\\/bodegastaron.com\\\/en\\\/\",\"name\":\"Bodegas Tar\u00f3n\",\"description\":\"Tienda online\",\"publisher\":{\"@id\":\"https:\\\/\\\/bodegastaron.com\\\/en\\\/#organization\"},\"alternateName\":\"Vinos Rioja Alta\",\"potentialAction\":[{\"@type\":\"SearchAction\",\"target\":{\"@type\":\"EntryPoint\",\"urlTemplate\":\"https:\\\/\\\/bodegastaron.com\\\/en\\\/?s={search_term_string}\"},\"query-input\":{\"@type\":\"PropertyValueSpecification\",\"valueRequired\":true,\"valueName\":\"search_term_string\"}}],\"inLanguage\":\"en-US\"},{\"@type\":\"Organization\",\"@id\":\"https:\\\/\\\/bodegastaron.com\\\/en\\\/#organization\",\"name\":\"Bodegas Tar\u00f3n\",\"url\":\"https:\\\/\\\/bodegastaron.com\\\/en\\\/\",\"logo\":{\"@type\":\"ImageObject\",\"inLanguage\":\"en-US\",\"@id\":\"https:\\\/\\\/bodegastaron.com\\\/en\\\/#\\\/schema\\\/logo\\\/image\\\/\",\"url\":\"https:\\\/\\\/bodegastaron.com\\\/wp-content\\\/uploads\\\/2020\\\/10\\\/bodegas-taron-logo-factura.jpg\",\"contentUrl\":\"https:\\\/\\\/bodegastaron.com\\\/wp-content\\\/uploads\\\/2020\\\/10\\\/bodegas-taron-logo-factura.jpg\",\"width\":140,\"height\":140,\"caption\":\"Bodegas Tar\u00f3n\"},\"image\":{\"@id\":\"https:\\\/\\\/bodegastaron.com\\\/en\\\/#\\\/schema\\\/logo\\\/image\\\/\"},\"sameAs\":[\"https:\\\/\\\/www.facebook.com\\\/BodegasTaron\\\/\",\"https:\\\/\\\/x.com\\\/BodegasTaron\"]}]}<\/script>\n<!-- \/ Yoast SEO plugin. -->","yoast_head_json":{"title":"Vino Pantocr\u00e1tor 2015 - Bodegas Tar\u00f3n - Rioja Alta","description":"Es un vino con numerosas medallas y premios de Bodegas Tar\u00f3n en Rioja Alta procedente de vi\u00f1edos viejos de m\u00e1s de 50 a\u00f1os.","robots":{"index":"index","follow":"follow","max-snippet":"max-snippet:-1","max-image-preview":"max-image-preview:large","max-video-preview":"max-video-preview:-1"},"canonical":"https:\/\/bodegastaron.com\/en\/producto\/pantocrator\/","og_locale":"en_US","og_type":"article","og_title":"Vino Pantocr\u00e1tor 2015 - Bodegas Tar\u00f3n - Rioja Alta","og_description":"Es un vino con numerosas medallas y premios de Bodegas Tar\u00f3n en Rioja Alta procedente de vi\u00f1edos viejos de m\u00e1s de 50 a\u00f1os.","og_url":"https:\/\/bodegastaron.com\/en\/producto\/pantocrator\/","og_site_name":"Bodegas Tar\u00f3n","article_publisher":"https:\/\/www.facebook.com\/BodegasTaron\/","article_modified_time":"2025-11-25T14:06:24+00:00","og_image":[{"width":1800,"height":1859,"url":"https:\/\/bodegastaron.com\/wp-content\/uploads\/2020\/07\/BOTELLA-PANTOCRATOR.jpg","type":"image\/jpeg"}],"twitter_card":"summary_large_image","twitter_site":"@BodegasTaron","twitter_misc":{"Est. reading time":"1 minute"},"schema":{"@context":"https:\/\/schema.org","@graph":[{"@type":"WebPage","@id":"https:\/\/bodegastaron.com\/en\/producto\/pantocrator\/","url":"https:\/\/bodegastaron.com\/en\/producto\/pantocrator\/","name":"Vino Pantocr\u00e1tor 2015 - Bodegas Tar\u00f3n - Rioja Alta","isPartOf":{"@id":"https:\/\/bodegastaron.com\/en\/#website"},"primaryImageOfPage":{"@id":"https:\/\/bodegastaron.com\/en\/producto\/pantocrator\/#primaryimage"},"image":{"@id":"https:\/\/bodegastaron.com\/en\/producto\/pantocrator\/#primaryimage"},"thumbnailUrl":"https:\/\/bodegastaron.com\/wp-content\/uploads\/2020\/07\/BOTELLA-PANTOCRATOR.jpg","datePublished":"2020-07-28T15:55:27+00:00","dateModified":"2025-11-25T14:06:24+00:00","description":"Es un vino con numerosas medallas y premios de Bodegas Tar\u00f3n en Rioja Alta procedente de vi\u00f1edos viejos de m\u00e1s de 50 a\u00f1os.","breadcrumb":{"@id":"https:\/\/bodegastaron.com\/en\/producto\/pantocrator\/#breadcrumb"},"inLanguage":"en-US","potentialAction":[{"@type":"ReadAction","target":["https:\/\/bodegastaron.com\/en\/producto\/pantocrator\/"]}]},{"@type":"ImageObject","inLanguage":"en-US","@id":"https:\/\/bodegastaron.com\/en\/producto\/pantocrator\/#primaryimage","url":"https:\/\/bodegastaron.com\/wp-content\/uploads\/2020\/07\/BOTELLA-PANTOCRATOR.jpg","contentUrl":"https:\/\/bodegastaron.com\/wp-content\/uploads\/2020\/07\/BOTELLA-PANTOCRATOR.jpg","width":1800,"height":1859,"caption":"Botella de vino Pantocr\u00e1tor Bodegas Tar\u00f3n"},{"@type":"BreadcrumbList","@id":"https:\/\/bodegastaron.com\/en\/producto\/pantocrator\/#breadcrumb","itemListElement":[{"@type":"ListItem","position":1,"name":"Portada","item":"https:\/\/bodegastaron.com\/en\/"},{"@type":"ListItem","position":2,"name":"Tienda","item":"https:\/\/bodegastaron.com\/tienda\/"},{"@type":"ListItem","position":3,"name":"Pantocr\u00e1tor 2015"}]},{"@type":"WebSite","@id":"https:\/\/bodegastaron.com\/en\/#website","url":"https:\/\/bodegastaron.com\/en\/","name":"Bodegas Tar\u00f3n","description":"Tienda online","publisher":{"@id":"https:\/\/bodegastaron.com\/en\/#organization"},"alternateName":"Vinos Rioja Alta","potentialAction":[{"@type":"SearchAction","target":{"@type":"EntryPoint","urlTemplate":"https:\/\/bodegastaron.com\/en\/?s={search_term_string}"},"query-input":{"@type":"PropertyValueSpecification","valueRequired":true,"valueName":"search_term_string"}}],"inLanguage":"en-US"},{"@type":"Organization","@id":"https:\/\/bodegastaron.com\/en\/#organization","name":"Bodegas Tar\u00f3n","url":"https:\/\/bodegastaron.com\/en\/","logo":{"@type":"ImageObject","inLanguage":"en-US","@id":"https:\/\/bodegastaron.com\/en\/#\/schema\/logo\/image\/","url":"https:\/\/bodegastaron.com\/wp-content\/uploads\/2020\/10\/bodegas-taron-logo-factura.jpg","contentUrl":"https:\/\/bodegastaron.com\/wp-content\/uploads\/2020\/10\/bodegas-taron-logo-factura.jpg","width":140,"height":140,"caption":"Bodegas Tar\u00f3n"},"image":{"@id":"https:\/\/bodegastaron.com\/en\/#\/schema\/logo\/image\/"},"sameAs":["https:\/\/www.facebook.com\/BodegasTaron\/","https:\/\/x.com\/BodegasTaron"]}]}},"_links":{"self":[{"href":"https:\/\/bodegastaron.com\/en\/wp-json\/wp\/v2\/product\/708","targetHints":{"allow":["GET"]}}],"collection":[{"href":"https:\/\/bodegastaron.com\/en\/wp-json\/wp\/v2\/product"}],"about":[{"href":"https:\/\/bodegastaron.com\/en\/wp-json\/wp\/v2\/types\/product"}],"wp:featuredmedia":[{"embeddable":true,"href":"https:\/\/bodegastaron.com\/en\/wp-json\/wp\/v2\/media\/3823"}],"wp:attachment":[{"href":"https:\/\/bodegastaron.com\/en\/wp-json\/wp\/v2\/media?parent=708"}],"wp:term":[{"taxonomy":"product_brand","embeddable":true,"href":"https:\/\/bodegastaron.com\/en\/wp-json\/wp\/v2\/product_brand?post=708"},{"taxonomy":"product_cat","embeddable":true,"href":"https:\/\/bodegastaron.com\/en\/wp-json\/wp\/v2\/product_cat?post=708"},{"taxonomy":"product_tag","embeddable":true,"href":"https:\/\/bodegastaron.com\/en\/wp-json\/wp\/v2\/product_tag?post=708"}],"curies":[{"name":"wp","href":"https:\/\/api.w.org\/{rel}","templated":true}]}}