{"id":3157,"date":"2024-09-02T12:08:09","date_gmt":"2024-09-02T11:08:09","guid":{"rendered":"https:\/\/bodegastaron.com\/?post_type=product&#038;p=3157"},"modified":"2024-09-02T12:08:09","modified_gmt":"2024-09-02T11:08:09","slug":"territorio-taron-2017","status":"publish","type":"product","link":"https:\/\/bodegastaron.com\/en\/producto\/territorio-taron-2017\/","title":{"rendered":"Territorio Tar\u00f3n 2017"},"content":{"rendered":"<p>100% Tempranillo.<br \/>\nTerritorio Tar\u00f3n is made with grapes from choice vineyards in the 4 villages that source the winery: Cuzcurrita de R\u00edo Tir\u00f3n, Sajazarra, Tirgo and Villaseca. Every year, the best vineyards from each village are chosen. Their common denominator is that they are bush-trained and that the vines are over 35 years old, with low vigour and located on hillsides. The aim is to express the characteristics of the vintage in the wine leveraging the best vineyards in Tar\u00f3n Country.<\/p>\n<p>Harvest: Third and fourth week of September, in low-capacity trailers<\/p>\n<a class=\"button  button_size_2\" href=\"https:\/\/bodegastaron.com\/wp-content\/uploads\/2024\/09\/TARON_TERRITORIO-TARON_Ficha_EN.pdf\"     target=\"_blank\"    title=\"\"><span class=\"button_label\">Ficha de Cata<\/span><\/a>\n\n","protected":false},"excerpt":{"rendered":"<p>100% Tempranillo. Territorio Tar\u00f3n is made with grapes from choice vineyards in the 4 villages that source the winery: Cuzcurrita de R\u00edo Tir\u00f3n, Sajazarra, Tirgo and<span class=\"excerpt-hellip\"> [\u2026]<\/span><\/p>\n","protected":false},"featured_media":3849,"template":"","meta":[],"product_brand":[],"product_cat":[76],"product_tag":[],"class_list":{"0":"post-3157","1":"product","2":"type-product","3":"status-publish","4":"has-post-thumbnail","6":"product_cat-red-wines","8":"first","9":"instock","10":"taxable","11":"shipping-taxable","12":"purchasable","13":"product-type-simple"},"yoast_head":"<!-- This site is optimized with the Yoast SEO plugin v27.4 - https:\/\/yoast.com\/product\/yoast-seo-wordpress\/ -->\n<title>Vino Territorio Tar\u00f3n 2017 - Bodegas Tar\u00f3n - Rioja Alta<\/title>\n<meta name=\"robots\" content=\"index, follow, max-snippet:-1, max-image-preview:large, max-video-preview:-1\" \/>\n<link rel=\"canonical\" href=\"https:\/\/bodegastaron.com\/en\/producto\/territorio-taron-2017\/\" \/>\n<meta property=\"og:locale\" content=\"en_US\" \/>\n<meta property=\"og:type\" content=\"article\" \/>\n<meta property=\"og:title\" content=\"Vino Territorio Tar\u00f3n 2017 - Bodegas Tar\u00f3n - Rioja Alta\" \/>\n<meta property=\"og:description\" content=\"100% Tempranillo. Territorio Tar\u00f3n is made with grapes from choice vineyards in the 4 villages that source the winery: Cuzcurrita de R\u00edo Tir\u00f3n, Sajazarra, Tirgo and [\u2026]\" \/>\n<meta property=\"og:url\" content=\"https:\/\/bodegastaron.com\/en\/producto\/territorio-taron-2017\/\" \/>\n<meta property=\"og:site_name\" content=\"Bodegas Tar\u00f3n\" \/>\n<meta property=\"article:publisher\" content=\"https:\/\/www.facebook.com\/BodegasTaron\/\" \/>\n<meta property=\"og:image\" content=\"https:\/\/bodegastaron.com\/wp-content\/uploads\/2024\/07\/TERRITOTIO-TARON--scaled.jpg\" \/>\n\t<meta property=\"og:image:width\" content=\"1467\" \/>\n\t<meta property=\"og:image:height\" content=\"2560\" \/>\n\t<meta property=\"og:image:type\" content=\"image\/jpeg\" \/>\n<meta name=\"twitter:card\" content=\"summary_large_image\" \/>\n<meta name=\"twitter:site\" content=\"@BodegasTaron\" \/>\n<meta name=\"twitter:label1\" content=\"Est. reading time\" \/>\n\t<meta name=\"twitter:data1\" content=\"1 minute\" \/>\n<script type=\"application\/ld+json\" class=\"yoast-schema-graph\">{\"@context\":\"https:\\\/\\\/schema.org\",\"@graph\":[{\"@type\":\"WebPage\",\"@id\":\"https:\\\/\\\/bodegastaron.com\\\/en\\\/producto\\\/territorio-taron-2017\\\/\",\"url\":\"https:\\\/\\\/bodegastaron.com\\\/en\\\/producto\\\/territorio-taron-2017\\\/\",\"name\":\"Vino Territorio Tar\u00f3n 2017 - Bodegas Tar\u00f3n - Rioja Alta\",\"isPartOf\":{\"@id\":\"https:\\\/\\\/bodegastaron.com\\\/en\\\/#website\"},\"primaryImageOfPage\":{\"@id\":\"https:\\\/\\\/bodegastaron.com\\\/en\\\/producto\\\/territorio-taron-2017\\\/#primaryimage\"},\"image\":{\"@id\":\"https:\\\/\\\/bodegastaron.com\\\/en\\\/producto\\\/territorio-taron-2017\\\/#primaryimage\"},\"thumbnailUrl\":\"https:\\\/\\\/bodegastaron.com\\\/wp-content\\\/uploads\\\/2024\\\/09\\\/Bodegas-Taron-Territorio-Taron.jpg\",\"datePublished\":\"2024-09-02T11:08:09+00:00\",\"breadcrumb\":{\"@id\":\"https:\\\/\\\/bodegastaron.com\\\/en\\\/producto\\\/territorio-taron-2017\\\/#breadcrumb\"},\"inLanguage\":\"en-US\",\"potentialAction\":[{\"@type\":\"ReadAction\",\"target\":[\"https:\\\/\\\/bodegastaron.com\\\/en\\\/producto\\\/territorio-taron-2017\\\/\"]}]},{\"@type\":\"ImageObject\",\"inLanguage\":\"en-US\",\"@id\":\"https:\\\/\\\/bodegastaron.com\\\/en\\\/producto\\\/territorio-taron-2017\\\/#primaryimage\",\"url\":\"https:\\\/\\\/bodegastaron.com\\\/wp-content\\\/uploads\\\/2024\\\/09\\\/Bodegas-Taron-Territorio-Taron.jpg\",\"contentUrl\":\"https:\\\/\\\/bodegastaron.com\\\/wp-content\\\/uploads\\\/2024\\\/09\\\/Bodegas-Taron-Territorio-Taron.jpg\",\"width\":1800,\"height\":1859,\"caption\":\"Bodegas Tar\u00f3n Territorio Tar\u00f3n\"},{\"@type\":\"BreadcrumbList\",\"@id\":\"https:\\\/\\\/bodegastaron.com\\\/en\\\/producto\\\/territorio-taron-2017\\\/#breadcrumb\",\"itemListElement\":[{\"@type\":\"ListItem\",\"position\":1,\"name\":\"Portada\",\"item\":\"https:\\\/\\\/bodegastaron.com\\\/en\\\/\"},{\"@type\":\"ListItem\",\"position\":2,\"name\":\"Tienda\",\"item\":\"https:\\\/\\\/bodegastaron.com\\\/tienda\\\/\"},{\"@type\":\"ListItem\",\"position\":3,\"name\":\"Territorio Tar\u00f3n 2017\"}]},{\"@type\":\"WebSite\",\"@id\":\"https:\\\/\\\/bodegastaron.com\\\/en\\\/#website\",\"url\":\"https:\\\/\\\/bodegastaron.com\\\/en\\\/\",\"name\":\"Bodegas Tar\u00f3n\",\"description\":\"Tienda online\",\"publisher\":{\"@id\":\"https:\\\/\\\/bodegastaron.com\\\/en\\\/#organization\"},\"alternateName\":\"Vinos Rioja Alta\",\"potentialAction\":[{\"@type\":\"SearchAction\",\"target\":{\"@type\":\"EntryPoint\",\"urlTemplate\":\"https:\\\/\\\/bodegastaron.com\\\/en\\\/?s={search_term_string}\"},\"query-input\":{\"@type\":\"PropertyValueSpecification\",\"valueRequired\":true,\"valueName\":\"search_term_string\"}}],\"inLanguage\":\"en-US\"},{\"@type\":\"Organization\",\"@id\":\"https:\\\/\\\/bodegastaron.com\\\/en\\\/#organization\",\"name\":\"Bodegas Tar\u00f3n\",\"url\":\"https:\\\/\\\/bodegastaron.com\\\/en\\\/\",\"logo\":{\"@type\":\"ImageObject\",\"inLanguage\":\"en-US\",\"@id\":\"https:\\\/\\\/bodegastaron.com\\\/en\\\/#\\\/schema\\\/logo\\\/image\\\/\",\"url\":\"https:\\\/\\\/bodegastaron.com\\\/wp-content\\\/uploads\\\/2020\\\/10\\\/bodegas-taron-logo-factura.jpg\",\"contentUrl\":\"https:\\\/\\\/bodegastaron.com\\\/wp-content\\\/uploads\\\/2020\\\/10\\\/bodegas-taron-logo-factura.jpg\",\"width\":140,\"height\":140,\"caption\":\"Bodegas Tar\u00f3n\"},\"image\":{\"@id\":\"https:\\\/\\\/bodegastaron.com\\\/en\\\/#\\\/schema\\\/logo\\\/image\\\/\"},\"sameAs\":[\"https:\\\/\\\/www.facebook.com\\\/BodegasTaron\\\/\",\"https:\\\/\\\/x.com\\\/BodegasTaron\"]}]}<\/script>\n<!-- \/ Yoast SEO plugin. -->","yoast_head_json":{"title":"Vino Territorio Tar\u00f3n 2017 - Bodegas Tar\u00f3n - Rioja Alta","robots":{"index":"index","follow":"follow","max-snippet":"max-snippet:-1","max-image-preview":"max-image-preview:large","max-video-preview":"max-video-preview:-1"},"canonical":"https:\/\/bodegastaron.com\/en\/producto\/territorio-taron-2017\/","og_locale":"en_US","og_type":"article","og_title":"Vino Territorio Tar\u00f3n 2017 - Bodegas Tar\u00f3n - Rioja Alta","og_description":"100% Tempranillo. Territorio Tar\u00f3n is made with grapes from choice vineyards in the 4 villages that source the winery: Cuzcurrita de R\u00edo Tir\u00f3n, Sajazarra, Tirgo and [\u2026]","og_url":"https:\/\/bodegastaron.com\/en\/producto\/territorio-taron-2017\/","og_site_name":"Bodegas Tar\u00f3n","article_publisher":"https:\/\/www.facebook.com\/BodegasTaron\/","og_image":[{"width":1467,"height":2560,"url":"https:\/\/bodegastaron.com\/wp-content\/uploads\/2024\/07\/TERRITOTIO-TARON--scaled.jpg","type":"image\/jpeg"}],"twitter_card":"summary_large_image","twitter_site":"@BodegasTaron","twitter_misc":{"Est. reading time":"1 minute"},"schema":{"@context":"https:\/\/schema.org","@graph":[{"@type":"WebPage","@id":"https:\/\/bodegastaron.com\/en\/producto\/territorio-taron-2017\/","url":"https:\/\/bodegastaron.com\/en\/producto\/territorio-taron-2017\/","name":"Vino Territorio Tar\u00f3n 2017 - Bodegas Tar\u00f3n - Rioja Alta","isPartOf":{"@id":"https:\/\/bodegastaron.com\/en\/#website"},"primaryImageOfPage":{"@id":"https:\/\/bodegastaron.com\/en\/producto\/territorio-taron-2017\/#primaryimage"},"image":{"@id":"https:\/\/bodegastaron.com\/en\/producto\/territorio-taron-2017\/#primaryimage"},"thumbnailUrl":"https:\/\/bodegastaron.com\/wp-content\/uploads\/2024\/09\/Bodegas-Taron-Territorio-Taron.jpg","datePublished":"2024-09-02T11:08:09+00:00","breadcrumb":{"@id":"https:\/\/bodegastaron.com\/en\/producto\/territorio-taron-2017\/#breadcrumb"},"inLanguage":"en-US","potentialAction":[{"@type":"ReadAction","target":["https:\/\/bodegastaron.com\/en\/producto\/territorio-taron-2017\/"]}]},{"@type":"ImageObject","inLanguage":"en-US","@id":"https:\/\/bodegastaron.com\/en\/producto\/territorio-taron-2017\/#primaryimage","url":"https:\/\/bodegastaron.com\/wp-content\/uploads\/2024\/09\/Bodegas-Taron-Territorio-Taron.jpg","contentUrl":"https:\/\/bodegastaron.com\/wp-content\/uploads\/2024\/09\/Bodegas-Taron-Territorio-Taron.jpg","width":1800,"height":1859,"caption":"Bodegas Tar\u00f3n Territorio Tar\u00f3n"},{"@type":"BreadcrumbList","@id":"https:\/\/bodegastaron.com\/en\/producto\/territorio-taron-2017\/#breadcrumb","itemListElement":[{"@type":"ListItem","position":1,"name":"Portada","item":"https:\/\/bodegastaron.com\/en\/"},{"@type":"ListItem","position":2,"name":"Tienda","item":"https:\/\/bodegastaron.com\/tienda\/"},{"@type":"ListItem","position":3,"name":"Territorio Tar\u00f3n 2017"}]},{"@type":"WebSite","@id":"https:\/\/bodegastaron.com\/en\/#website","url":"https:\/\/bodegastaron.com\/en\/","name":"Bodegas Tar\u00f3n","description":"Tienda online","publisher":{"@id":"https:\/\/bodegastaron.com\/en\/#organization"},"alternateName":"Vinos Rioja Alta","potentialAction":[{"@type":"SearchAction","target":{"@type":"EntryPoint","urlTemplate":"https:\/\/bodegastaron.com\/en\/?s={search_term_string}"},"query-input":{"@type":"PropertyValueSpecification","valueRequired":true,"valueName":"search_term_string"}}],"inLanguage":"en-US"},{"@type":"Organization","@id":"https:\/\/bodegastaron.com\/en\/#organization","name":"Bodegas Tar\u00f3n","url":"https:\/\/bodegastaron.com\/en\/","logo":{"@type":"ImageObject","inLanguage":"en-US","@id":"https:\/\/bodegastaron.com\/en\/#\/schema\/logo\/image\/","url":"https:\/\/bodegastaron.com\/wp-content\/uploads\/2020\/10\/bodegas-taron-logo-factura.jpg","contentUrl":"https:\/\/bodegastaron.com\/wp-content\/uploads\/2020\/10\/bodegas-taron-logo-factura.jpg","width":140,"height":140,"caption":"Bodegas Tar\u00f3n"},"image":{"@id":"https:\/\/bodegastaron.com\/en\/#\/schema\/logo\/image\/"},"sameAs":["https:\/\/www.facebook.com\/BodegasTaron\/","https:\/\/x.com\/BodegasTaron"]}]}},"_links":{"self":[{"href":"https:\/\/bodegastaron.com\/en\/wp-json\/wp\/v2\/product\/3157","targetHints":{"allow":["GET"]}}],"collection":[{"href":"https:\/\/bodegastaron.com\/en\/wp-json\/wp\/v2\/product"}],"about":[{"href":"https:\/\/bodegastaron.com\/en\/wp-json\/wp\/v2\/types\/product"}],"wp:featuredmedia":[{"embeddable":true,"href":"https:\/\/bodegastaron.com\/en\/wp-json\/wp\/v2\/media\/3849"}],"wp:attachment":[{"href":"https:\/\/bodegastaron.com\/en\/wp-json\/wp\/v2\/media?parent=3157"}],"wp:term":[{"taxonomy":"product_brand","embeddable":true,"href":"https:\/\/bodegastaron.com\/en\/wp-json\/wp\/v2\/product_brand?post=3157"},{"taxonomy":"product_cat","embeddable":true,"href":"https:\/\/bodegastaron.com\/en\/wp-json\/wp\/v2\/product_cat?post=3157"},{"taxonomy":"product_tag","embeddable":true,"href":"https:\/\/bodegastaron.com\/en\/wp-json\/wp\/v2\/product_tag?post=3157"}],"curies":[{"name":"wp","href":"https:\/\/api.w.org\/{rel}","templated":true}]}}