{"id":2168,"date":"2022-12-05T12:52:20","date_gmt":"2022-12-05T11:52:20","guid":{"rendered":"https:\/\/bodegastaron.com\/?post_type=product&#038;p=2168"},"modified":"2026-01-20T16:13:39","modified_gmt":"2026-01-20T15:13:39","slug":"patiens","status":"publish","type":"product","link":"https:\/\/bodegastaron.com\/en\/producto\/patiens\/","title":{"rendered":"Patiens 2017"},"content":{"rendered":"<p>Viura.<br \/>\n48 meses en roble americano.<br \/>\nUn vino inmortal que sigue la tradici\u00f3n de los blancos hist\u00f3ricos de Rioja Alta. Procedente de vi\u00f1edos de parcelas entre 50 y 90 a\u00f1os del entorno de la bodega. Un vino de edici\u00f3n limitada del que tan solo se han elaborado 1.300 botellas y se ofrece con un elegante estuche de madera.<\/p>\n<a class=\"button  button_size_2\" href=\"https:\/\/bodegastaron.com\/wp-content\/uploads\/2026\/01\/TARON_PATIENS_ES.pdf\"     target=\"_blank\"    title=\"\"><span class=\"button_label\">Ficha de Cata<\/span><\/a>\n\n","protected":false},"excerpt":{"rendered":"<p><img loading=\"lazy\" decoding=\"async\" class=\"aligncenter size-full wp-image-3776\" src=\"https:\/\/bodegastaron.com\/wp-content\/uploads\/2022\/12\/Medallas-Patiens.jpg\" alt=\"\" width=\"736\" height=\"613\" srcset=\"https:\/\/bodegastaron.com\/wp-content\/uploads\/2022\/12\/Medallas-Patiens.jpg 736w, https:\/\/bodegastaron.com\/wp-content\/uploads\/2022\/12\/Medallas-Patiens-500x416.jpg 500w, https:\/\/bodegastaron.com\/wp-content\/uploads\/2022\/12\/Medallas-Patiens-300x250.jpg 300w, https:\/\/bodegastaron.com\/wp-content\/uploads\/2022\/12\/Medallas-Patiens-90x75.jpg 90w, https:\/\/bodegastaron.com\/wp-content\/uploads\/2022\/12\/Medallas-Patiens-480x400.jpg 480w\" sizes=\"auto, (max-width:767px) 480px, 736px\" \/><\/p>\n","protected":false},"featured_media":3825,"template":"","meta":[],"product_brand":[],"product_cat":[51],"product_tag":[],"class_list":{"0":"post-2168","1":"product","2":"type-product","3":"status-publish","4":"has-post-thumbnail","6":"product_cat-blancos","8":"first","9":"instock","10":"taxable","11":"shipping-taxable","12":"purchasable","13":"product-type-simple"},"yoast_head":"<!-- This site is optimized with the Yoast SEO plugin v27.4 - https:\/\/yoast.com\/product\/yoast-seo-wordpress\/ -->\n<title>Vino Patiens 2017 - Bodegas Tar\u00f3n - Rioja Alta<\/title>\n<meta name=\"description\" content=\"Es un vino elaborado siguiendo la tradici\u00f3n de los blancos hist\u00f3ricos de Rioja Alta. Edici\u00f3n limitada de solo 1300 botellas con estuche de madera.\" \/>\n<meta name=\"robots\" content=\"index, follow, max-snippet:-1, max-image-preview:large, max-video-preview:-1\" \/>\n<link rel=\"canonical\" href=\"https:\/\/bodegastaron.com\/en\/producto\/patiens\/\" \/>\n<meta property=\"og:locale\" content=\"en_US\" \/>\n<meta property=\"og:type\" content=\"article\" \/>\n<meta property=\"og:title\" content=\"Vino Patiens 2017 - Bodegas Tar\u00f3n - Rioja Alta\" \/>\n<meta property=\"og:description\" content=\"Es un vino elaborado siguiendo la tradici\u00f3n de los blancos hist\u00f3ricos de Rioja Alta. Edici\u00f3n limitada de solo 1300 botellas con estuche de madera.\" \/>\n<meta property=\"og:url\" content=\"https:\/\/bodegastaron.com\/en\/producto\/patiens\/\" \/>\n<meta property=\"og:site_name\" content=\"Bodegas Tar\u00f3n\" \/>\n<meta property=\"article:publisher\" content=\"https:\/\/www.facebook.com\/BodegasTaron\/\" \/>\n<meta property=\"article:modified_time\" content=\"2026-01-20T15:13:39+00:00\" \/>\n<meta property=\"og:image\" content=\"https:\/\/bodegastaron.com\/wp-content\/uploads\/2022\/12\/PATIENS-Estuche-madera-botella.jpg\" \/>\n\t<meta property=\"og:image:width\" content=\"1800\" \/>\n\t<meta property=\"og:image:height\" content=\"1859\" \/>\n\t<meta property=\"og:image:type\" content=\"image\/jpeg\" \/>\n<meta name=\"twitter:card\" content=\"summary_large_image\" \/>\n<meta name=\"twitter:site\" content=\"@BodegasTaron\" \/>\n<meta name=\"twitter:label1\" content=\"Est. reading time\" \/>\n\t<meta name=\"twitter:data1\" content=\"1 minute\" \/>\n<script type=\"application\/ld+json\" class=\"yoast-schema-graph\">{\"@context\":\"https:\\\/\\\/schema.org\",\"@graph\":[{\"@type\":\"WebPage\",\"@id\":\"https:\\\/\\\/bodegastaron.com\\\/en\\\/producto\\\/patiens\\\/\",\"url\":\"https:\\\/\\\/bodegastaron.com\\\/en\\\/producto\\\/patiens\\\/\",\"name\":\"Vino Patiens 2017 - Bodegas Tar\u00f3n - Rioja Alta\",\"isPartOf\":{\"@id\":\"https:\\\/\\\/bodegastaron.com\\\/en\\\/#website\"},\"primaryImageOfPage\":{\"@id\":\"https:\\\/\\\/bodegastaron.com\\\/en\\\/producto\\\/patiens\\\/#primaryimage\"},\"image\":{\"@id\":\"https:\\\/\\\/bodegastaron.com\\\/en\\\/producto\\\/patiens\\\/#primaryimage\"},\"thumbnailUrl\":\"https:\\\/\\\/bodegastaron.com\\\/wp-content\\\/uploads\\\/2022\\\/12\\\/PATIENS-Estuche-madera-botella.jpg\",\"datePublished\":\"2022-12-05T11:52:20+00:00\",\"dateModified\":\"2026-01-20T15:13:39+00:00\",\"description\":\"Es un vino elaborado siguiendo la tradici\u00f3n de los blancos hist\u00f3ricos de Rioja Alta. Edici\u00f3n limitada de solo 1300 botellas con estuche de madera.\",\"breadcrumb\":{\"@id\":\"https:\\\/\\\/bodegastaron.com\\\/en\\\/producto\\\/patiens\\\/#breadcrumb\"},\"inLanguage\":\"en-US\",\"potentialAction\":[{\"@type\":\"ReadAction\",\"target\":[\"https:\\\/\\\/bodegastaron.com\\\/en\\\/producto\\\/patiens\\\/\"]}]},{\"@type\":\"ImageObject\",\"inLanguage\":\"en-US\",\"@id\":\"https:\\\/\\\/bodegastaron.com\\\/en\\\/producto\\\/patiens\\\/#primaryimage\",\"url\":\"https:\\\/\\\/bodegastaron.com\\\/wp-content\\\/uploads\\\/2022\\\/12\\\/PATIENS-Estuche-madera-botella.jpg\",\"contentUrl\":\"https:\\\/\\\/bodegastaron.com\\\/wp-content\\\/uploads\\\/2022\\\/12\\\/PATIENS-Estuche-madera-botella.jpg\",\"width\":1800,\"height\":1859,\"caption\":\"Botella de vino Patiens Bodegas Tar\u00f3n en estuche de madera\"},{\"@type\":\"BreadcrumbList\",\"@id\":\"https:\\\/\\\/bodegastaron.com\\\/en\\\/producto\\\/patiens\\\/#breadcrumb\",\"itemListElement\":[{\"@type\":\"ListItem\",\"position\":1,\"name\":\"Portada\",\"item\":\"https:\\\/\\\/bodegastaron.com\\\/en\\\/\"},{\"@type\":\"ListItem\",\"position\":2,\"name\":\"Tienda\",\"item\":\"https:\\\/\\\/bodegastaron.com\\\/tienda\\\/\"},{\"@type\":\"ListItem\",\"position\":3,\"name\":\"Patiens 2017\"}]},{\"@type\":\"WebSite\",\"@id\":\"https:\\\/\\\/bodegastaron.com\\\/en\\\/#website\",\"url\":\"https:\\\/\\\/bodegastaron.com\\\/en\\\/\",\"name\":\"Bodegas Tar\u00f3n\",\"description\":\"Tienda online\",\"publisher\":{\"@id\":\"https:\\\/\\\/bodegastaron.com\\\/en\\\/#organization\"},\"alternateName\":\"Vinos Rioja Alta\",\"potentialAction\":[{\"@type\":\"SearchAction\",\"target\":{\"@type\":\"EntryPoint\",\"urlTemplate\":\"https:\\\/\\\/bodegastaron.com\\\/en\\\/?s={search_term_string}\"},\"query-input\":{\"@type\":\"PropertyValueSpecification\",\"valueRequired\":true,\"valueName\":\"search_term_string\"}}],\"inLanguage\":\"en-US\"},{\"@type\":\"Organization\",\"@id\":\"https:\\\/\\\/bodegastaron.com\\\/en\\\/#organization\",\"name\":\"Bodegas Tar\u00f3n\",\"url\":\"https:\\\/\\\/bodegastaron.com\\\/en\\\/\",\"logo\":{\"@type\":\"ImageObject\",\"inLanguage\":\"en-US\",\"@id\":\"https:\\\/\\\/bodegastaron.com\\\/en\\\/#\\\/schema\\\/logo\\\/image\\\/\",\"url\":\"https:\\\/\\\/bodegastaron.com\\\/wp-content\\\/uploads\\\/2020\\\/10\\\/bodegas-taron-logo-factura.jpg\",\"contentUrl\":\"https:\\\/\\\/bodegastaron.com\\\/wp-content\\\/uploads\\\/2020\\\/10\\\/bodegas-taron-logo-factura.jpg\",\"width\":140,\"height\":140,\"caption\":\"Bodegas Tar\u00f3n\"},\"image\":{\"@id\":\"https:\\\/\\\/bodegastaron.com\\\/en\\\/#\\\/schema\\\/logo\\\/image\\\/\"},\"sameAs\":[\"https:\\\/\\\/www.facebook.com\\\/BodegasTaron\\\/\",\"https:\\\/\\\/x.com\\\/BodegasTaron\"]}]}<\/script>\n<!-- \/ Yoast SEO plugin. -->","yoast_head_json":{"title":"Vino Patiens 2017 - Bodegas Tar\u00f3n - Rioja Alta","description":"Es un vino elaborado siguiendo la tradici\u00f3n de los blancos hist\u00f3ricos de Rioja Alta. Edici\u00f3n limitada de solo 1300 botellas con estuche de madera.","robots":{"index":"index","follow":"follow","max-snippet":"max-snippet:-1","max-image-preview":"max-image-preview:large","max-video-preview":"max-video-preview:-1"},"canonical":"https:\/\/bodegastaron.com\/en\/producto\/patiens\/","og_locale":"en_US","og_type":"article","og_title":"Vino Patiens 2017 - Bodegas Tar\u00f3n - Rioja Alta","og_description":"Es un vino elaborado siguiendo la tradici\u00f3n de los blancos hist\u00f3ricos de Rioja Alta. Edici\u00f3n limitada de solo 1300 botellas con estuche de madera.","og_url":"https:\/\/bodegastaron.com\/en\/producto\/patiens\/","og_site_name":"Bodegas Tar\u00f3n","article_publisher":"https:\/\/www.facebook.com\/BodegasTaron\/","article_modified_time":"2026-01-20T15:13:39+00:00","og_image":[{"width":1800,"height":1859,"url":"https:\/\/bodegastaron.com\/wp-content\/uploads\/2022\/12\/PATIENS-Estuche-madera-botella.jpg","type":"image\/jpeg"}],"twitter_card":"summary_large_image","twitter_site":"@BodegasTaron","twitter_misc":{"Est. reading time":"1 minute"},"schema":{"@context":"https:\/\/schema.org","@graph":[{"@type":"WebPage","@id":"https:\/\/bodegastaron.com\/en\/producto\/patiens\/","url":"https:\/\/bodegastaron.com\/en\/producto\/patiens\/","name":"Vino Patiens 2017 - Bodegas Tar\u00f3n - Rioja Alta","isPartOf":{"@id":"https:\/\/bodegastaron.com\/en\/#website"},"primaryImageOfPage":{"@id":"https:\/\/bodegastaron.com\/en\/producto\/patiens\/#primaryimage"},"image":{"@id":"https:\/\/bodegastaron.com\/en\/producto\/patiens\/#primaryimage"},"thumbnailUrl":"https:\/\/bodegastaron.com\/wp-content\/uploads\/2022\/12\/PATIENS-Estuche-madera-botella.jpg","datePublished":"2022-12-05T11:52:20+00:00","dateModified":"2026-01-20T15:13:39+00:00","description":"Es un vino elaborado siguiendo la tradici\u00f3n de los blancos hist\u00f3ricos de Rioja Alta. Edici\u00f3n limitada de solo 1300 botellas con estuche de madera.","breadcrumb":{"@id":"https:\/\/bodegastaron.com\/en\/producto\/patiens\/#breadcrumb"},"inLanguage":"en-US","potentialAction":[{"@type":"ReadAction","target":["https:\/\/bodegastaron.com\/en\/producto\/patiens\/"]}]},{"@type":"ImageObject","inLanguage":"en-US","@id":"https:\/\/bodegastaron.com\/en\/producto\/patiens\/#primaryimage","url":"https:\/\/bodegastaron.com\/wp-content\/uploads\/2022\/12\/PATIENS-Estuche-madera-botella.jpg","contentUrl":"https:\/\/bodegastaron.com\/wp-content\/uploads\/2022\/12\/PATIENS-Estuche-madera-botella.jpg","width":1800,"height":1859,"caption":"Botella de vino Patiens Bodegas Tar\u00f3n en estuche de madera"},{"@type":"BreadcrumbList","@id":"https:\/\/bodegastaron.com\/en\/producto\/patiens\/#breadcrumb","itemListElement":[{"@type":"ListItem","position":1,"name":"Portada","item":"https:\/\/bodegastaron.com\/en\/"},{"@type":"ListItem","position":2,"name":"Tienda","item":"https:\/\/bodegastaron.com\/tienda\/"},{"@type":"ListItem","position":3,"name":"Patiens 2017"}]},{"@type":"WebSite","@id":"https:\/\/bodegastaron.com\/en\/#website","url":"https:\/\/bodegastaron.com\/en\/","name":"Bodegas Tar\u00f3n","description":"Tienda online","publisher":{"@id":"https:\/\/bodegastaron.com\/en\/#organization"},"alternateName":"Vinos Rioja Alta","potentialAction":[{"@type":"SearchAction","target":{"@type":"EntryPoint","urlTemplate":"https:\/\/bodegastaron.com\/en\/?s={search_term_string}"},"query-input":{"@type":"PropertyValueSpecification","valueRequired":true,"valueName":"search_term_string"}}],"inLanguage":"en-US"},{"@type":"Organization","@id":"https:\/\/bodegastaron.com\/en\/#organization","name":"Bodegas Tar\u00f3n","url":"https:\/\/bodegastaron.com\/en\/","logo":{"@type":"ImageObject","inLanguage":"en-US","@id":"https:\/\/bodegastaron.com\/en\/#\/schema\/logo\/image\/","url":"https:\/\/bodegastaron.com\/wp-content\/uploads\/2020\/10\/bodegas-taron-logo-factura.jpg","contentUrl":"https:\/\/bodegastaron.com\/wp-content\/uploads\/2020\/10\/bodegas-taron-logo-factura.jpg","width":140,"height":140,"caption":"Bodegas Tar\u00f3n"},"image":{"@id":"https:\/\/bodegastaron.com\/en\/#\/schema\/logo\/image\/"},"sameAs":["https:\/\/www.facebook.com\/BodegasTaron\/","https:\/\/x.com\/BodegasTaron"]}]}},"_links":{"self":[{"href":"https:\/\/bodegastaron.com\/en\/wp-json\/wp\/v2\/product\/2168","targetHints":{"allow":["GET"]}}],"collection":[{"href":"https:\/\/bodegastaron.com\/en\/wp-json\/wp\/v2\/product"}],"about":[{"href":"https:\/\/bodegastaron.com\/en\/wp-json\/wp\/v2\/types\/product"}],"wp:featuredmedia":[{"embeddable":true,"href":"https:\/\/bodegastaron.com\/en\/wp-json\/wp\/v2\/media\/3825"}],"wp:attachment":[{"href":"https:\/\/bodegastaron.com\/en\/wp-json\/wp\/v2\/media?parent=2168"}],"wp:term":[{"taxonomy":"product_brand","embeddable":true,"href":"https:\/\/bodegastaron.com\/en\/wp-json\/wp\/v2\/product_brand?post=2168"},{"taxonomy":"product_cat","embeddable":true,"href":"https:\/\/bodegastaron.com\/en\/wp-json\/wp\/v2\/product_cat?post=2168"},{"taxonomy":"product_tag","embeddable":true,"href":"https:\/\/bodegastaron.com\/en\/wp-json\/wp\/v2\/product_tag?post=2168"}],"curies":[{"name":"wp","href":"https:\/\/api.w.org\/{rel}","templated":true}]}}